{"id":735,"date":"2023-02-08T13:57:03","date_gmt":"2023-02-08T18:57:03","guid":{"rendered":"https:\/\/cer.uni.edu.pe\/?page_id=735"},"modified":"2023-06-05T22:19:07","modified_gmt":"2023-06-06T03:19:07","slug":"educacion","status":"publish","type":"page","link":"https:\/\/cer.uni.edu.pe\/index.php\/educacion\/","title":{"rendered":"Educaci\u00f3n"},"content":{"rendered":"\n<p>El mundo se mueve hacia pr\u00e1cticas sostenibles a trav\u00e9s de un esfuerzo de gobiernos, academia y sociedad civil en promover el uso de las energ\u00edas renovables. C\u00f3mo parte de nuestra funci\u00f3n educativa promovemos el aprendizaje sobre la energ\u00eda y el desarrollo sostenible a trav\u00e9s de talleres e informaci\u00f3n en nuestra web. <a style=\"text-decoration:none\" href=\"https:\/\/www.superrolex.co\/product-category\/pearlmaster\/\"><font color=\"#fff\">replica rolex pearlmaster<\/font><\/a><\/p>\n","protected":false},"excerpt":{"rendered":"<p>El mundo se mueve hacia pr\u00e1cticas sostenibles a trav\u00e9s de un esfuerzo de gobiernos, academia y sociedad civil en promover el uso de las energ\u00edas&hellip;<\/p>\n","protected":false},"author":1,"featured_media":8,"parent":0,"menu_order":0,"comment_status":"closed","ping_status":"closed","template":"","meta":{"footnotes":""},"class_list":["post-735","page","type-page","status-publish","has-post-thumbnail","hentry"],"_links":{"self":[{"href":"https:\/\/cer.uni.edu.pe\/index.php\/wp-json\/wp\/v2\/pages\/735","targetHints":{"allow":["GET"]}}],"collection":[{"href":"https:\/\/cer.uni.edu.pe\/index.php\/wp-json\/wp\/v2\/pages"}],"about":[{"href":"https:\/\/cer.uni.edu.pe\/index.php\/wp-json\/wp\/v2\/types\/page"}],"author":[{"embeddable":true,"href":"https:\/\/cer.uni.edu.pe\/index.php\/wp-json\/wp\/v2\/users\/1"}],"replies":[{"embeddable":true,"href":"https:\/\/cer.uni.edu.pe\/index.php\/wp-json\/wp\/v2\/comments?post=735"}],"version-history":[{"count":3,"href":"https:\/\/cer.uni.edu.pe\/index.php\/wp-json\/wp\/v2\/pages\/735\/revisions"}],"predecessor-version":[{"id":766,"href":"https:\/\/cer.uni.edu.pe\/index.php\/wp-json\/wp\/v2\/pages\/735\/revisions\/766"}],"wp:featuredmedia":[{"embeddable":true,"href":"https:\/\/cer.uni.edu.pe\/index.php\/wp-json\/wp\/v2\/media\/8"}],"wp:attachment":[{"href":"https:\/\/cer.uni.edu.pe\/index.php\/wp-json\/wp\/v2\/media?parent=735"}],"curies":[{"name":"wp","href":"https:\/\/api.w.org\/{rel}","templated":true}]}}