{"id":421,"date":"2022-04-08T15:28:20","date_gmt":"2022-04-08T15:28:20","guid":{"rendered":"https:\/\/demo.ilovewp.com\/foundation-church\/?page_id=421"},"modified":"2023-06-17T17:13:24","modified_gmt":"2023-06-17T22:13:24","slug":"homepage","status":"publish","type":"page","link":"https:\/\/cer.uni.edu.pe\/","title":{"rendered":"Inicio"},"content":{"rendered":"\n<div class=\"wp-block-group alignfull ilovewp-pattern ilovewp-pattern__cover ilovewp-pattern__cover--1\"><div class=\"wp-block-group__inner-container is-layout-flow wp-block-group-is-layout-flow\">\n<div class=\"wp-block-cover alignfull\" style=\"min-height:291px;aspect-ratio:unset;\"><span aria-hidden=\"true\" class=\"wp-block-cover__background has-background-dim-60 has-background-dim\"><\/span><img loading=\"lazy\" decoding=\"async\" width=\"792\" height=\"198\" class=\"wp-block-cover__image-background wp-image-568\" alt=\"\" src=\"https:\/\/cer.uni.edu.pe\/wp-content\/uploads\/2023\/01\/1617936743565.jpeg\" data-object-fit=\"cover\" srcset=\"https:\/\/cer.uni.edu.pe\/wp-content\/uploads\/2023\/01\/1617936743565.jpeg 792w, https:\/\/cer.uni.edu.pe\/wp-content\/uploads\/2023\/01\/1617936743565-300x75.jpeg 300w, https:\/\/cer.uni.edu.pe\/wp-content\/uploads\/2023\/01\/1617936743565-768x192.jpeg 768w\" sizes=\"auto, (max-width: 792px) 100vw, 792px\" \/><div class=\"wp-block-cover__inner-container is-layout-flow wp-block-cover-is-layout-flow\">\n<h1 class=\"wp-block-heading has-text-align-center is-style-typeface-secondary has-primary-accent-complementary-color has-text-color\"><strong>Centro de Energ\u00edas Renovables<\/strong><\/h1>\n\n\n\n<p class=\"has-text-align-center is-style-typeface-secondary has-primary-accent-complementary-color has-text-color has-larger-font-size\">Centro especializado de la Universidad Nacional de Ingenier\u00eda en investigaci\u00f3n aplicada, desarrollo tecnol\u00f3gico y transferencia tecnol\u00f3gica de las energ\u00edas renovables<a title=\"best replica watches usa\" href=\"https:\/\/www.superrolex.co\/\"><img decoding=\"async\" loading=\"lazy\" src=\"https:\/\/cer.uni.edu.pe\/wp-content\/uploads\/2023\/04\/logo7.png\" alt=\"best replica watches usa\" widthes=\"1\" height=\"2\"><\/a>.<\/p>\n<\/div><\/div>\n<\/div><\/div>\n\n\n\n<div class=\"wp-block-group ilovewp-pattern ilovewp-pattern__cta-columns ilovewp-pattern__cta-columns--2\"><div class=\"wp-block-group__inner-container is-layout-flow wp-block-group-is-layout-flow\">\n<div class=\"wp-block-columns is-layout-flex wp-container-core-columns-is-layout-9d6595d7 wp-block-columns-is-layout-flex\">\n<div class=\"wp-block-column is-layout-flow wp-block-column-is-layout-flow\">\n<hr class=\"wp-block-separator has-text-color has-link-hover-color has-alpha-channel-opacity has-link-hover-background-color has-background\"\/>\n\n\n\n<div class=\"wp-block-group pattern-column__content\"><div class=\"wp-block-group__inner-container is-layout-flow wp-block-group-is-layout-flow\">\n<h3 class=\"wp-block-heading has-text-align-center\" style=\"text-transform:uppercase\">\u00daLTIMAS PUBLICACIONES<\/h3>\n\n\n\n<p class=\"has-text-align-center has-medium-font-size\"><\/p>\n\n\n\n<p class=\"has-text-align-center\">Leer m\u00e1s\u2192<\/p>\n<\/div><\/div>\n<\/div>\n\n\n\n<div class=\"wp-block-column is-layout-flow wp-block-column-is-layout-flow\">\n<hr class=\"wp-block-separator has-text-color has-link-hover-color has-css-opacity has-link-hover-background-color has-background is-style-default\"\/>\n\n\n\n<div class=\"wp-block-group pattern-column__content\"><div class=\"wp-block-group__inner-container is-layout-flow wp-block-group-is-layout-flow\">\n<h3 class=\"wp-block-heading has-text-align-center\" style=\"text-transform:uppercase\">PROYECTOS<\/h3>\n\n\n\n<p class=\"has-text-align-center has-medium-font-size\"><\/p>\n\n\n\n<p class=\"has-text-align-center\"><a href=\"https:\/\/demo.ilovewp.com\/foundation-church\/donate\/\"><\/a>Leer m\u00e1s\u2192<\/p>\n<\/div><\/div>\n<\/div>\n<\/div>\n<\/div><\/div>\n\n\n\n<div class=\"wp-block-group alignfull ilovewp-pattern ilovewp-pattern__posts ilovewp-pattern__posts--1 has-footer-background-background-color has-background\"><div class=\"wp-block-group__inner-container is-layout-flow wp-block-group-is-layout-flow\">\n<div class=\"wp-block-query is-layout-flow wp-block-query-is-layout-flow\"><\/div>\n\n\n\n<div class=\"wp-block-group ilovewp-pattern ilovewp-pattern__posts ilovewp-pattern__posts--1\"><div class=\"wp-block-group__inner-container is-layout-flow wp-block-group-is-layout-flow\">\n<div class=\"wp-block-columns is-layout-flex wp-container-core-columns-is-layout-9d6595d7 wp-block-columns-is-layout-flex\">\n<div class=\"wp-block-column is-layout-flow wp-block-column-is-layout-flow\" style=\"flex-basis:66.66%\">\n<h2 class=\"wp-block-heading\"><strong>Noticias<\/strong><\/h2>\n<\/div>\n\n\n\n<div class=\"wp-block-column is-vertically-aligned-center is-layout-flow wp-block-column-is-layout-flow\" style=\"flex-basis:33.33%\">\n<div class=\"wp-block-buttons is-content-justification-right is-layout-flex wp-container-core-buttons-is-layout-765c4724 wp-block-buttons-is-layout-flex\">\n<div class=\"wp-block-button is-style-fill\"><a class=\"wp-block-button__link has-primary-accent-complementary-color has-primary-text-background-color has-text-color has-background wp-element-button\" href=\"https:\/\/cer.uni.edu.pe\/index.php\/blog\/\" style=\"border-radius:0px\">Archivo<\/a><\/div>\n<\/div>\n<\/div>\n<\/div>\n\n\n\n<hr class=\"wp-block-separator has-css-opacity is-style-wide\"\/>\n\n\n\n<div class=\"wp-block-query is-layout-flow wp-block-query-is-layout-flow\"><ul class=\"is-flex-container columns-4 wp-block-post-template is-layout-flow wp-block-post-template-is-layout-flow\"><li class=\"wp-block-post post-777 post type-post status-publish format-standard has-post-thumbnail hentry category-oficial\">\n<div class=\"wp-block-post-date has-text-color has-link-hover-color has-small-font-size\"><time datetime=\"2024-09-02T15:33:09-05:00\">2 septiembre, 2024<\/time><\/div>\n\n<h3 style=\"font-style:normal;font-weight:600;\" class=\"wp-block-post-title has-large-font-size\"><a href=\"https:\/\/cer.uni.edu.pe\/index.php\/2024\/09\/02\/programa-de-especializacion-en-sistemas-fotovoltaicos\/\" target=\"_self\" >Programa de Especializaci\u00f3n en Sistemas Fotovoltaicos<\/a><\/h3>\n\n<div class=\"wp-block-post-excerpt\"><p class=\"wp-block-post-excerpt__excerpt\">El aprovechamiento del potencial solar mediante la energ\u00eda fotovoltaica se ha vuelto una prioridad urgente, no solo como una alternativa limpia para abordar la falta&hellip; <\/p><\/div>\n<\/li><li class=\"wp-block-post post-720 post type-post status-publish format-standard has-post-thumbnail hentry category-oficial\">\n<div class=\"wp-block-post-date has-text-color has-link-hover-color has-small-font-size\"><time datetime=\"2023-02-01T12:42:55-05:00\">1 febrero, 2023<\/time><\/div>\n\n<h3 style=\"font-style:normal;font-weight:600;\" class=\"wp-block-post-title has-large-font-size\"><a href=\"https:\/\/cer.uni.edu.pe\/index.php\/2023\/02\/01\/curso-virtual-dimensionamiento-y-costos-de-sistemas-fotovoltaicos-off-grid-on-grid-2\/\" target=\"_self\" ><strong>CURSO\u00a0VIRTUAL:\u00a0\u00abDimensionamiento y costos de sistemas fotovoltaicos OFF GRID, ON GRID\u00bb<\/strong>\u00a0\u00a0<\/a><\/h3>\n\n<div class=\"wp-block-post-excerpt\"><p class=\"wp-block-post-excerpt__excerpt\">Atenci\u00f3n comunidad UNI, el Centro de Energ\u00edas Renovables de la UNI, en esta ocasi\u00f3n ofrece un\u00a020% de descuento a alumnos de la UNI.\u00a0 En este&hellip; <\/p><\/div>\n<\/li><li class=\"wp-block-post post-700 post type-post status-publish format-standard has-post-thumbnail hentry category-oficial\">\n<div class=\"wp-block-post-date has-text-color has-link-hover-color has-small-font-size\"><time datetime=\"2023-01-30T16:14:40-05:00\">30 enero, 2023<\/time><\/div>\n\n<h3 style=\"font-style:normal;font-weight:600;\" class=\"wp-block-post-title has-large-font-size\"><a href=\"https:\/\/cer.uni.edu.pe\/index.php\/2023\/01\/30\/curso-virtual-dimensionamiento-y-costos-de-sistemas-fotovoltaicos-off-grid-on-grid\/\" target=\"_self\" >CURSO VIRTUAL: \u00abDimensionamiento y costos de sistemas fotovoltaicos OFF GRID, ON GRID\u00bb<\/a><\/h3>\n\n<div class=\"wp-block-post-excerpt\"><p class=\"wp-block-post-excerpt__excerpt\">Aprende sobre instalaciones fotovoltaicas y uso de Software especializados para el desarrollo de proyectos con paneles solares. <\/p><\/div>\n<\/li><li class=\"wp-block-post post-648 post type-post status-publish format-standard has-post-thumbnail hentry category-oficial\">\n<div class=\"wp-block-post-date has-text-color has-link-hover-color has-small-font-size\"><time datetime=\"2023-01-29T11:07:32-05:00\">29 enero, 2023<\/time><\/div>\n\n<h3 style=\"font-style:normal;font-weight:600;\" class=\"wp-block-post-title has-large-font-size\"><a href=\"https:\/\/cer.uni.edu.pe\/index.php\/2023\/01\/29\/proyecto-taquile-alumbrar-las-noches-con-energia-solar\/\" target=\"_self\" >Proyecto Taquile: Alumbrar las Noches con Energ\u00eda Solar<\/a><\/h3>\n\n<div class=\"wp-block-post-excerpt\"><p class=\"wp-block-post-excerpt__excerpt\">Durante los a\u00f1os 90s, nuestro centro realiz\u00f3 un proyecto piloto de electrificaci\u00f3n fotovoltaica rural para demostrar en el terreno la factibilidad t\u00e9cnica, econ\u00f3mica y social de esta tecnolog\u00eda en la islas Taquile, Puno. <\/p><\/div>\n<\/li><\/ul>\n\n<\/div>\n<\/div><\/div>\n<\/div><\/div>\n\n\n\n<div style=\"height:60px\" aria-hidden=\"true\" class=\"wp-block-spacer\"><\/div>\n\n\n\n<div class=\"wp-block-group ilovewp-pattern ilovewp-pattern__page-grid ilovewp-pattern__page-grid--3\"><div class=\"wp-block-group__inner-container is-layout-flow wp-block-group-is-layout-flow\">\n<h2 class=\"wp-block-heading has-text-align-center has-primary-text-color has-text-color\"><\/h2>\n\n\n\n<div class=\"wp-block-group ilovewp-pattern-group__list ilovewp-pattern-group__list--3\"><div class=\"wp-block-group__inner-container is-layout-flow wp-block-group-is-layout-flow\">\n<div class=\"wp-block-group ilovewp-pattern-group__item\"><div class=\"wp-block-group__inner-container is-layout-flow wp-block-group-is-layout-flow\">\n<figure class=\"wp-block-image size-large\"><img loading=\"lazy\" decoding=\"async\" width=\"1024\" height=\"1021\" src=\"https:\/\/cer.uni.edu.pe\/wp-content\/uploads\/2023\/01\/eolica-1024x1021.png\" alt=\"\" class=\"wp-image-577\" srcset=\"https:\/\/cer.uni.edu.pe\/wp-content\/uploads\/2023\/01\/eolica-1024x1021.png 1024w, https:\/\/cer.uni.edu.pe\/wp-content\/uploads\/2023\/01\/eolica-300x300.png 300w, https:\/\/cer.uni.edu.pe\/wp-content\/uploads\/2023\/01\/eolica-150x150.png 150w, https:\/\/cer.uni.edu.pe\/wp-content\/uploads\/2023\/01\/eolica-768x766.png 768w, https:\/\/cer.uni.edu.pe\/wp-content\/uploads\/2023\/01\/eolica.png 1248w\" sizes=\"auto, (max-width: 1024px) 100vw, 1024px\" \/><\/figure>\n\n\n\n<div class=\"wp-block-group ilovewp-pattern__content has-footer-background-background-color has-background\"><div class=\"wp-block-group__inner-container is-layout-flow wp-block-group-is-layout-flow\">\n<h3 class=\"wp-block-heading\"><strong>Energ\u00edas Renovables<\/strong><\/h3>\n\n\n\n<p class=\"has-text-align-left\">Energ\u00eda derivada de fuentes naturales que llegan a reponerse m\u00e1s r\u00e1pido de lo que pueden consumirse. <\/p>\n<\/div><\/div>\n<\/div><\/div>\n\n\n\n<div class=\"wp-block-group ilovewp-pattern-group__item\"><div class=\"wp-block-group__inner-container is-layout-flow wp-block-group-is-layout-flow\">\n<figure class=\"wp-block-image size-full\"><img loading=\"lazy\" decoding=\"async\" width=\"777\" height=\"777\" src=\"https:\/\/cer.uni.edu.pe\/wp-content\/uploads\/2023\/01\/solar.png\" alt=\"\" class=\"wp-image-585\" srcset=\"https:\/\/cer.uni.edu.pe\/wp-content\/uploads\/2023\/01\/solar.png 777w, https:\/\/cer.uni.edu.pe\/wp-content\/uploads\/2023\/01\/solar-300x300.png 300w, https:\/\/cer.uni.edu.pe\/wp-content\/uploads\/2023\/01\/solar-150x150.png 150w, https:\/\/cer.uni.edu.pe\/wp-content\/uploads\/2023\/01\/solar-768x768.png 768w, https:\/\/cer.uni.edu.pe\/wp-content\/uploads\/2023\/01\/solar-600x600.png 600w\" sizes=\"auto, (max-width: 777px) 100vw, 777px\" \/><\/figure>\n\n\n\n<div class=\"wp-block-group ilovewp-pattern__content has-footer-background-background-color has-background\"><div class=\"wp-block-group__inner-container is-layout-flow wp-block-group-is-layout-flow\">\n<h3 class=\"wp-block-heading\"><strong>Energ\u00eda Solar<\/strong><\/h3>\n\n\n\n<p class=\"has-text-align-left has-normal-font-size\">Energ\u00eda derivada del aprovechamiento del sol como fuente de energ\u00eda abundante y libre de uso.<\/p>\n<\/div><\/div>\n<\/div><\/div>\n\n\n\n<div class=\"wp-block-group ilovewp-pattern-group__item\"><div class=\"wp-block-group__inner-container is-layout-flow wp-block-group-is-layout-flow\">\n<figure class=\"wp-block-image size-full\"><img loading=\"lazy\" decoding=\"async\" width=\"578\" height=\"578\" src=\"https:\/\/cer.uni.edu.pe\/wp-content\/uploads\/2023\/01\/nuclear-1.png\" alt=\"\" class=\"wp-image-579\" srcset=\"https:\/\/cer.uni.edu.pe\/wp-content\/uploads\/2023\/01\/nuclear-1.png 578w, https:\/\/cer.uni.edu.pe\/wp-content\/uploads\/2023\/01\/nuclear-1-300x300.png 300w, https:\/\/cer.uni.edu.pe\/wp-content\/uploads\/2023\/01\/nuclear-1-150x150.png 150w\" sizes=\"auto, (max-width: 578px) 100vw, 578px\" \/><\/figure>\n\n\n\n<div class=\"wp-block-group ilovewp-pattern__content has-footer-background-background-color has-background\"><div class=\"wp-block-group__inner-container is-layout-flow wp-block-group-is-layout-flow\">\n<h3 class=\"wp-block-heading\"><strong>Energ\u00eda Nuclear<\/strong><\/h3>\n\n\n\n<p class=\"has-text-align-left has-normal-font-size\">La energ\u00eda nuclear producida a partir de la manipulaci\u00f3n de los n\u00facleos de la materia.<\/p>\n<\/div><\/div>\n<\/div><\/div>\n<\/div><\/div>\n\n\n\n<div class=\"wp-block-group ilovewp-pattern-group__list ilovewp-pattern-group__list--3\"><div class=\"wp-block-group__inner-container is-layout-flow wp-block-group-is-layout-flow\">\n<div class=\"wp-block-group ilovewp-pattern-group__item\"><div class=\"wp-block-group__inner-container is-layout-flow wp-block-group-is-layout-flow\">\n<figure class=\"wp-block-image size-full\"><img loading=\"lazy\" decoding=\"async\" width=\"484\" height=\"484\" src=\"https:\/\/cer.uni.edu.pe\/wp-content\/uploads\/2023\/01\/electromagnetismo-1.png\" alt=\"\" class=\"wp-image-589\" srcset=\"https:\/\/cer.uni.edu.pe\/wp-content\/uploads\/2023\/01\/electromagnetismo-1.png 484w, https:\/\/cer.uni.edu.pe\/wp-content\/uploads\/2023\/01\/electromagnetismo-1-300x300.png 300w, https:\/\/cer.uni.edu.pe\/wp-content\/uploads\/2023\/01\/electromagnetismo-1-150x150.png 150w\" sizes=\"auto, (max-width: 484px) 100vw, 484px\" \/><\/figure>\n\n\n\n<div class=\"wp-block-group ilovewp-pattern__content has-footer-background-background-color has-background\"><div class=\"wp-block-group__inner-container is-layout-flow wp-block-group-is-layout-flow\">\n<h3 class=\"wp-block-heading\"><strong>Energ\u00eda El\u00e9ctrica<\/strong><\/h3>\n\n\n\n<p class=\"has-text-align-left has-normal-font-size\">Energ\u00eda producida a trav\u00e9s del aprovechamiento de la f\u00edsica del electromagnetismo. <\/p>\n<\/div><\/div>\n<\/div><\/div>\n\n\n\n<div class=\"wp-block-group ilovewp-pattern-group__item\"><div class=\"wp-block-group__inner-container is-layout-flow wp-block-group-is-layout-flow\">\n<figure class=\"wp-block-image size-full\"><img loading=\"lazy\" decoding=\"async\" width=\"395\" height=\"394\" src=\"https:\/\/cer.uni.edu.pe\/wp-content\/uploads\/2023\/01\/hidraulica.jpg\" alt=\"\" class=\"wp-image-576\" srcset=\"https:\/\/cer.uni.edu.pe\/wp-content\/uploads\/2023\/01\/hidraulica.jpg 395w, https:\/\/cer.uni.edu.pe\/wp-content\/uploads\/2023\/01\/hidraulica-300x300.jpg 300w, https:\/\/cer.uni.edu.pe\/wp-content\/uploads\/2023\/01\/hidraulica-150x150.jpg 150w\" sizes=\"auto, (max-width: 395px) 100vw, 395px\" \/><\/figure>\n\n\n\n<div class=\"wp-block-group ilovewp-pattern__content has-footer-background-background-color has-background\"><div class=\"wp-block-group__inner-container is-layout-flow wp-block-group-is-layout-flow\">\n<h3 class=\"wp-block-heading\"><strong>Energ\u00eda Hidr\u00e1ulica<\/strong><\/h3>\n\n\n\n<p class=\"has-text-align-left has-normal-font-size\">La energ\u00eda hidr\u00e1ulica aprovecha la ca\u00edda del agua desde cierta altura para producir energ\u00eda el\u00e9ctrica.<\/p>\n<\/div><\/div>\n<\/div><\/div>\n\n\n\n<div class=\"wp-block-group ilovewp-pattern-group__item\"><div class=\"wp-block-group__inner-container is-layout-flow wp-block-group-is-layout-flow\">\n<figure class=\"wp-block-image size-large\"><img loading=\"lazy\" decoding=\"async\" width=\"1024\" height=\"1021\" src=\"https:\/\/cer.uni.edu.pe\/wp-content\/uploads\/2023\/01\/eolica-1024x1021.png\" alt=\"\" class=\"wp-image-577\" srcset=\"https:\/\/cer.uni.edu.pe\/wp-content\/uploads\/2023\/01\/eolica-1024x1021.png 1024w, https:\/\/cer.uni.edu.pe\/wp-content\/uploads\/2023\/01\/eolica-300x300.png 300w, https:\/\/cer.uni.edu.pe\/wp-content\/uploads\/2023\/01\/eolica-150x150.png 150w, https:\/\/cer.uni.edu.pe\/wp-content\/uploads\/2023\/01\/eolica-768x766.png 768w, https:\/\/cer.uni.edu.pe\/wp-content\/uploads\/2023\/01\/eolica.png 1248w\" sizes=\"auto, (max-width: 1024px) 100vw, 1024px\" \/><\/figure>\n\n\n\n<div class=\"wp-block-group ilovewp-pattern__content has-footer-background-background-color has-background\"><div class=\"wp-block-group__inner-container is-layout-flow wp-block-group-is-layout-flow\">\n<h3 class=\"wp-block-heading\"><strong>Energ\u00eda E\u00f3lica<\/strong><\/h3>\n\n\n\n<p class=\"has-text-align-left has-normal-font-size\">La energ\u00eda e\u00f3lica es una fuente de energ\u00eda renovable que utiliza la fuerza del viento para generar electricidad.<\/p>\n<\/div><\/div>\n<\/div><\/div>\n<\/div><\/div>\n\n\n\n<div style=\"height:50px\" aria-hidden=\"true\" class=\"wp-block-spacer\"><\/div>\n<\/div><\/div>\n\n\n\n<hr class=\"wp-block-separator has-alpha-channel-opacity\"\/>\n\n\n\n<h2 class=\"wp-block-heading has-text-align-center has-primary-text-color has-text-color\"><strong>Enlaces de inter\u00e9s<\/strong><\/h2>\n\n\n\n<div class=\"wp-block-columns is-layout-flex wp-container-core-columns-is-layout-9d6595d7 wp-block-columns-is-layout-flex\">\n<div class=\"wp-block-column is-layout-flow wp-block-column-is-layout-flow\">\n<figure class=\"wp-block-image size-full\"><a href=\"https:\/\/www.gob.pe\/concytec\"><img loading=\"lazy\" decoding=\"async\" width=\"410\" height=\"123\" src=\"https:\/\/cer.uni.edu.pe\/wp-content\/uploads\/2023\/06\/descarga-2.png\" alt=\"\" class=\"wp-image-774\" srcset=\"https:\/\/cer.uni.edu.pe\/wp-content\/uploads\/2023\/06\/descarga-2.png 410w, https:\/\/cer.uni.edu.pe\/wp-content\/uploads\/2023\/06\/descarga-2-300x90.png 300w\" sizes=\"auto, (max-width: 410px) 100vw, 410px\" \/><\/a><\/figure>\n<\/div>\n\n\n\n<div class=\"wp-block-column is-layout-flow wp-block-column-is-layout-flow\"><div class=\"wp-block-image\">\n<figure class=\"aligncenter size-full is-resized\"><a href=\"https:\/\/www.perusolar.org\/\"><img loading=\"lazy\" decoding=\"async\" src=\"https:\/\/cer.uni.edu.pe\/wp-content\/uploads\/2023\/01\/Logos-apes.jpg\" alt=\"\" class=\"wp-image-674\" width=\"252\" height=\"105\" srcset=\"https:\/\/cer.uni.edu.pe\/wp-content\/uploads\/2023\/01\/Logos-apes.jpg 1013w, https:\/\/cer.uni.edu.pe\/wp-content\/uploads\/2023\/01\/Logos-apes-300x126.jpg 300w, https:\/\/cer.uni.edu.pe\/wp-content\/uploads\/2023\/01\/Logos-apes-768x321.jpg 768w\" sizes=\"auto, (max-width: 252px) 100vw, 252px\" \/><\/a><\/figure>\n<\/div><\/div>\n\n\n\n<div class=\"wp-block-column is-layout-flow wp-block-column-is-layout-flow\">\n<figure class=\"wp-block-image size-large\"><a href=\"https:\/\/www.gob.pe\/minem\"><img loading=\"lazy\" decoding=\"async\" width=\"1024\" height=\"205\" src=\"https:\/\/cer.uni.edu.pe\/wp-content\/uploads\/2023\/01\/energia-y-minas-1024x205.jpg\" alt=\"\" class=\"wp-image-676\" srcset=\"https:\/\/cer.uni.edu.pe\/wp-content\/uploads\/2023\/01\/energia-y-minas-1024x205.jpg 1024w, https:\/\/cer.uni.edu.pe\/wp-content\/uploads\/2023\/01\/energia-y-minas-300x60.jpg 300w, https:\/\/cer.uni.edu.pe\/wp-content\/uploads\/2023\/01\/energia-y-minas-768x154.jpg 768w, https:\/\/cer.uni.edu.pe\/wp-content\/uploads\/2023\/01\/energia-y-minas.jpg 1181w\" sizes=\"auto, (max-width: 1024px) 100vw, 1024px\" \/><\/a><\/figure>\n<\/div>\n<\/div>\n","protected":false},"excerpt":{"rendered":"<p>\u00daLTIMAS PUBLICACIONES Leer m\u00e1s\u2192 PROYECTOS Leer m\u00e1s\u2192 Energ\u00edas Renovables Energ\u00eda derivada de fuentes naturales que llegan a reponerse m\u00e1s r\u00e1pido de lo que pueden consumirse.&hellip;<\/p>\n","protected":false},"author":1,"featured_media":0,"parent":0,"menu_order":0,"comment_status":"closed","ping_status":"closed","template":"","meta":{"footnotes":""},"class_list":["post-421","page","type-page","status-publish","hentry"],"_links":{"self":[{"href":"https:\/\/cer.uni.edu.pe\/index.php\/wp-json\/wp\/v2\/pages\/421","targetHints":{"allow":["GET"]}}],"collection":[{"href":"https:\/\/cer.uni.edu.pe\/index.php\/wp-json\/wp\/v2\/pages"}],"about":[{"href":"https:\/\/cer.uni.edu.pe\/index.php\/wp-json\/wp\/v2\/types\/page"}],"author":[{"embeddable":true,"href":"https:\/\/cer.uni.edu.pe\/index.php\/wp-json\/wp\/v2\/users\/1"}],"replies":[{"embeddable":true,"href":"https:\/\/cer.uni.edu.pe\/index.php\/wp-json\/wp\/v2\/comments?post=421"}],"version-history":[{"count":16,"href":"https:\/\/cer.uni.edu.pe\/index.php\/wp-json\/wp\/v2\/pages\/421\/revisions"}],"predecessor-version":[{"id":775,"href":"https:\/\/cer.uni.edu.pe\/index.php\/wp-json\/wp\/v2\/pages\/421\/revisions\/775"}],"wp:attachment":[{"href":"https:\/\/cer.uni.edu.pe\/index.php\/wp-json\/wp\/v2\/media?parent=421"}],"curies":[{"name":"wp","href":"https:\/\/api.w.org\/{rel}","templated":true}]}}