{"id":42,"date":"2017-01-30T19:39:55","date_gmt":"2017-01-30T19:39:55","guid":{"rendered":"http:\/\/demo.ilovewp.com\/faith\/?page_id=42"},"modified":"2023-01-29T09:56:06","modified_gmt":"2023-01-29T14:56:06","slug":"families","status":"publish","type":"page","link":"https:\/\/cer.uni.edu.pe\/index.php\/id\/families\/","title":{"rendered":"Laboratorio de Energ\u00eda Solar CER-UNI"},"content":{"rendered":"\n<p>Debido a nuestras condiciones geogr\u00e1ficas y econ\u00f3micas, las empresas e instituciones de nuestro pa\u00eds se encuentra en un proceso de masificaci\u00f3n de la Generaci\u00f3n Distribuida (GD) con tecnolog\u00eda fotovoltaica solar que permitir\u00e1 a los sectores productivos industriales, mineros, residenciales y comercial aumentar su capacidad de producci\u00f3n de bienes y servicios.<\/p>\n\n\n\n<p>Por ejemplo, en regiones como Arequipa, Ancash y La Libertad se ha registrado un importante crecimiento que armoniza con las aspiraciones nacionales de generar polos de desarrollo en el norte y en el sur del pa\u00eds.<\/p>\n\n\n\n<p>Esto demuestra un crecimiento del uso de la tecnolog\u00eda fotovoltaica solar a todo nivel, es por ese motivo que si usted esta interesado en hacer inversiones en generaci\u00f3n fotovoltaica solar de mediana y grandes dimensiones, requiere que conozca con precisi\u00f3n la cantidad de energ\u00eda que su inversi\u00f3n le brindar\u00e1.<\/p>\n\n\n\n<p>Nuestro Centro a trav\u00e9s de su Laboratorio de Energ\u00eda Solar, le brinda este servicio de evaluaci\u00f3n t\u00e9cnica en cada etapa de su inversi\u00f3n.<\/p>\n\n\n\n<p><strong>Equipos e instrumentos del laboratorio<\/strong><\/p>\n\n\n\n<ul class=\"wp-block-list\">\n<li>Un ECOCARGADOR instalado en ambientes de la FIM4, con 4 m\u00f3dulos FV de 106WP y un inversor de 500W. Est\u00e1 pendiente la interconexi\u00f3n a la \u201cRed FIM\u201d en el punto que la facultad se\u00f1ale.<\/li>\n\n\n\n<li>Dos estaciones meteorol\u00f3gica profesional port\u00e1til, instalada y operativa<\/li>\n\n\n\n<li>Un radi\u00f3metro de precisi\u00f3n, instalado y operativo.<\/li>\n\n\n\n<li>Mesa con 4 radi\u00f3metros para estudios de comparaci\u00f3n.<\/li>\n\n\n\n<li>Un adquisidor universal de datos de 10 canales, instalado y operativo<\/li>\n\n\n\n<li>Una c\u00e1mara termo gr\u00e1fica, marca FLUKE, operativa.<\/li>\n\n\n\n<li>3 PC + teclado para el monitoreo de sistemas FV, con software incluido<\/li>\n\n\n\n<li>Un trazador de curvas I-V port\u00e1til, operativo.<\/li>\n\n\n\n<li>Un sistema experimental para el monitoreo de la calidad de m\u00f3dulos FV, instalado y operativo.<\/li>\n\n\n\n<li>Un sistema fotovoltaico conectado a la red (SFCR) de 3,5KP compuesto 27 m\u00f3dulos FV thin-film (\u03b1Si\/\u03bcSi) y un inversor marca SMA de 3,0kW, m\u00e1s instrumentaci\u00f3n incorporada para su monitoreo., conectado a la red UNI en el laboratorio de energ\u00eda solar del CER-UNI<\/li>\n\n\n\n<li>Un sistema fotovoltaico aut\u00f3nomo (SFA) de 550WP y suministro de energ\u00eda el\u00e9ctrica alterna y continua, preparado para instrucci\u00f3n, operativo.<\/li>\n\n\n\n<li>Un SFCR de 550WP y suministro de energ\u00eda el\u00e9ctrica alterna y continua, conectado a la red UNI en el laboratorio de energ\u00eda solar del CER-UNI<\/li>\n\n\n\n<li>Un banco experimental para evaluar la duraci\u00f3n (vida) de l\u00e1mparas fluorescentes compactas o LED de uso en SFA y SFCR, operativo.<\/li>\n\n\n\n<li>Un banco experimental para medir el estado de carga de una bater\u00eda de uso potencial en SFA o SFCR, operativo.<\/li>\n\n\n\n<li>Respaldo instrumental para la verificaci\u00f3n de las especificaciones t\u00e9cnicas de componentes de SFA y SFCR, operativo.<\/li>\n\n\n\n<li>Respaldo instrumental para evaluar rendimientos energ\u00e9ticos de equipos de uso de energ\u00eda el\u00e9ctrica en SFA y SFCR.<\/li>\n<\/ul>\n","protected":false},"excerpt":{"rendered":"<p>Debido a nuestras condiciones geogr\u00e1ficas y econ\u00f3micas, las empresas e instituciones de nuestro pa\u00eds se encuentra en un proceso de masificaci\u00f3n de la Generaci\u00f3n Distribuida&hellip;<\/p>\n","protected":false},"author":1,"featured_media":8,"parent":33,"menu_order":1,"comment_status":"closed","ping_status":"closed","template":"","meta":{"footnotes":""},"class_list":["post-42","page","type-page","status-publish","has-post-thumbnail","hentry"],"_links":{"self":[{"href":"https:\/\/cer.uni.edu.pe\/index.php\/wp-json\/wp\/v2\/pages\/42","targetHints":{"allow":["GET"]}}],"collection":[{"href":"https:\/\/cer.uni.edu.pe\/index.php\/wp-json\/wp\/v2\/pages"}],"about":[{"href":"https:\/\/cer.uni.edu.pe\/index.php\/wp-json\/wp\/v2\/types\/page"}],"author":[{"embeddable":true,"href":"https:\/\/cer.uni.edu.pe\/index.php\/wp-json\/wp\/v2\/users\/1"}],"replies":[{"embeddable":true,"href":"https:\/\/cer.uni.edu.pe\/index.php\/wp-json\/wp\/v2\/comments?post=42"}],"version-history":[{"count":1,"href":"https:\/\/cer.uni.edu.pe\/index.php\/wp-json\/wp\/v2\/pages\/42\/revisions"}],"predecessor-version":[{"id":634,"href":"https:\/\/cer.uni.edu.pe\/index.php\/wp-json\/wp\/v2\/pages\/42\/revisions\/634"}],"up":[{"embeddable":true,"href":"https:\/\/cer.uni.edu.pe\/index.php\/wp-json\/wp\/v2\/pages\/33"}],"wp:featuredmedia":[{"embeddable":true,"href":"https:\/\/cer.uni.edu.pe\/index.php\/wp-json\/wp\/v2\/media\/8"}],"wp:attachment":[{"href":"https:\/\/cer.uni.edu.pe\/index.php\/wp-json\/wp\/v2\/media?parent=42"}],"curies":[{"name":"wp","href":"https:\/\/api.w.org\/{rel}","templated":true}]}}