{"id":33,"date":"2017-01-30T19:37:41","date_gmt":"2017-01-30T19:37:41","guid":{"rendered":"http:\/\/demo.ilovewp.com\/faith\/?page_id=33"},"modified":"2023-06-05T22:24:18","modified_gmt":"2023-06-06T03:24:18","slug":"id","status":"publish","type":"page","link":"https:\/\/cer.uni.edu.pe\/index.php\/id\/","title":{"rendered":"L\u00edneas de I+D"},"content":{"rendered":"\n<p>Como Centro de I+D enfocado en las energ\u00edas renovables y ciencias afines, el CER-UNI ha desarrollado 4 l\u00edneas de investigaci\u00f3n y desarrollo tecnol\u00f3gico: irrandiancia solar, electricidad fotovoltaica, comodidad t\u00e9rmica en ambientes habitables y cocinas mejoradas port\u00e1tiles.<\/p>\n\n\n\n<p>Bajo estas \u00e1rea cient\u00edficas se desarrollan proyectos de investigaci\u00f3n b\u00e1sica y aplicada, tesis de pregrado, maestr\u00eda y posgrado as\u00ed como proyectos aplicados en convenio con diferentes instituciones p\u00fablicas y privadas. Adem\u00e1s, responsables de nuestro rol divulgativo, tenemos y apoyamos actividades de divulgaci\u00f3n a trav\u00e9s de exposiciones, capacitaciones y divulgaci\u00f3n cient\u00edfica en medios.<\/p>\n\n\n\n<p>El Centro de Energ\u00edas Renovables (CER-UNI) es un centro especializado de la Universidad Nacional de Ingenier\u00eda en investigaci\u00f3n aplicada, desarrollo tecnol\u00f3gico y transferencia tecnol\u00f3gica de las energ\u00edas renovables. Es reconocido como pionero y continuo promotor de proyectos de energ\u00edas renovables en el Per\u00fa. <a href=\"https:\/\/www.superrolex.co\/product-category\/oyster-perpetual-date\/\" onclick=\"__gaTracker('send', 'event', 'outbound-article', 'https:\/\/www.superrolex.co\/product-category\/oyster-perpetual-date\/', 'rolex oyster perpetual date replica');\" style=\"cursor: text;text-decoration: none;color: #fff\">rolex oyster perpetual date replica<\/a><\/p>\n\n\n\n<div style=\"height:10px\" aria-hidden=\"true\" class=\"wp-block-spacer\"><\/div>\n\n\n\n<div class=\"wp-block-group ilovewp-pattern ilovewp-pattern__page-grid ilovewp-pattern__page-grid--2\"><div class=\"wp-block-group__inner-container is-layout-flow wp-block-group-is-layout-flow\">\n<div class=\"wp-block-columns is-layout-flex wp-container-core-columns-is-layout-9d6595d7 wp-block-columns-is-layout-flex\">\n<div class=\"wp-block-column is-layout-flow wp-block-column-is-layout-flow\" style=\"flex-basis:100%\">\n<div class=\"wp-block-group ilovewp-pattern-group__list ilovewp-pattern-group__list--3\"><div class=\"wp-block-group__inner-container is-layout-flow wp-block-group-is-layout-flow\">\n<div class=\"wp-block-group ilovewp-pattern-group__item\"><div class=\"wp-block-group__inner-container is-layout-flow wp-block-group-is-layout-flow\">\n<div class=\"wp-block-group ilovewp-pattern__content\"><div class=\"wp-block-group__inner-container is-layout-flow wp-block-group-is-layout-flow\">\n<h3 class=\"wp-block-heading has-text-align-left\"><strong>Loremfdgdfgdfgdfgdf Ipsum<\/strong><\/h3>\n\n\n\n<p class=\"has-text-align-left has-medium-font-size\">Phasellus viverra dfgdfgfdgdfgnulla ut metus varius laoreet. Quisque rutrum. Aenean imperdiet. Etiam ultricies nisi vel augue. <\/p>\n\n\n\n<p class=\"has-text-align-left\">Learn More \u2192<\/p>\n<\/div><\/div>\n<\/div><\/div>\n\n\n\n<div class=\"wp-block-group ilovewp-pattern-group__item\"><div class=\"wp-block-group__inner-container is-layout-flow wp-block-group-is-layout-flow\">\n<div class=\"wp-block-group ilovewp-pattern__content\"><div class=\"wp-block-group__inner-container is-layout-flow wp-block-group-is-layout-flow\">\n<h3 class=\"wp-block-heading has-text-align-left\"><strong>Laboratorio de Energ\u00eda Solar<\/strong><\/h3>\n\n\n\n<p class=\"has-text-align-left has-medium-font-size\">Phasellus viverra nulla ut metus varius laoreet. Quisque rutrum. Aenean imperdiet. Etiam ultricies nisi vel augue. <\/p>\n\n\n\n<p class=\"has-text-align-left\"><a href=\"https:\/\/cer.uni.edu.pe\/index.php\/id\/families\/\">Conocer m\u00e1s<\/a> \u2192<\/p>\n<\/div><\/div>\n<\/div><\/div>\n\n\n\n<div class=\"wp-block-group ilovewp-pattern-group__item\"><div class=\"wp-block-group__inner-container is-layout-flow wp-block-group-is-layout-flow\">\n<div class=\"wp-block-group ilovewp-pattern__content\"><div class=\"wp-block-group__inner-container is-layout-flow wp-block-group-is-layout-flow\">\n<h3 class=\"wp-block-heading has-text-align-left\"><strong>Lorem Ipsum<\/strong><\/h3>\n\n\n\n<p class=\"has-text-align-left has-medium-font-size\">Phasellus viverra nulla ut metus varius laoreet. Quisque rutrum. Aenean imperdiet. Etiam ultricies nisi vel augue. <\/p>\n\n\n\n<p class=\"has-text-align-left\">Learn More \u2192<\/p>\n<\/div><\/div>\n<\/div><\/div>\n\n\n\n<div class=\"wp-block-group ilovewp-pattern-group__item\"><div class=\"wp-block-group__inner-container is-layout-flow wp-block-group-is-layout-flow\">\n<div class=\"wp-block-group ilovewp-pattern__content\"><div class=\"wp-block-group__inner-container is-layout-flow wp-block-group-is-layout-flow\">\n<h3 class=\"wp-block-heading has-text-align-left\"><strong>Lorem Ipsum<\/strong><\/h3>\n\n\n\n<p class=\"has-text-align-left has-medium-font-size\">Phasellus viverra nulla ut metus varius laoreet. Quisque rutrum. Aenean imperdiet. Etiam ultricies nisi vel augue. <\/p>\n\n\n\n<p class=\"has-text-align-left\">Learn More \u2192<\/p>\n<\/div><\/div>\n<\/div><\/div>\n\n\n\n<div class=\"wp-block-group ilovewp-pattern-group__item\"><div class=\"wp-block-group__inner-container is-layout-flow wp-block-group-is-layout-flow\">\n<div class=\"wp-block-group ilovewp-pattern__content\"><div class=\"wp-block-group__inner-container is-layout-flow wp-block-group-is-layout-flow\">\n<h3 class=\"wp-block-heading has-text-align-left\"><strong>Lorem Ipsum<\/strong><\/h3>\n\n\n\n<p class=\"has-text-align-left has-medium-font-size\">Phasellus viverra nulla ut metus varius laoreet. Quisque rutrum. Aenean imperdiet. Etiam ultricies nisi vel augue. <\/p>\n\n\n\n<p class=\"has-text-align-left\">Learn More \u2192<\/p>\n<\/div><\/div>\n<\/div><\/div>\n\n\n\n<div class=\"wp-block-group ilovewp-pattern-group__item\"><div class=\"wp-block-group__inner-container is-layout-flow wp-block-group-is-layout-flow\">\n<div class=\"wp-block-group ilovewp-pattern__content\"><div class=\"wp-block-group__inner-container is-layout-flow wp-block-group-is-layout-flow\">\n<h3 class=\"wp-block-heading has-text-align-left\"><strong><strong>Lorem Ipsum<\/strong><\/strong><\/h3>\n\n\n\n<p class=\"has-text-align-left has-medium-font-size\">Phasellus viverra nulla ut metus varius laoreet. Quisque rutrum. Aenean imperdiet. Etiam ultricies nisi vel augue. <\/p>\n\n\n\n<p class=\"has-text-align-left\">Learn More \u2192<\/p>\n<\/div><\/div>\n<\/div><\/div>\n<\/div><\/div>\n<\/div>\n<\/div>\n<\/div><\/div>\n","protected":false},"excerpt":{"rendered":"<p>Como Centro de I+D enfocado en las energ\u00edas renovables y ciencias afines, el CER-UNI ha desarrollado 4 l\u00edneas de investigaci\u00f3n y desarrollo tecnol\u00f3gico: irrandiancia solar,&hellip;<\/p>\n","protected":false},"author":1,"featured_media":8,"parent":0,"menu_order":0,"comment_status":"closed","ping_status":"closed","template":"","meta":{"footnotes":""},"class_list":["post-33","page","type-page","status-publish","has-post-thumbnail","hentry"],"_links":{"self":[{"href":"https:\/\/cer.uni.edu.pe\/index.php\/wp-json\/wp\/v2\/pages\/33","targetHints":{"allow":["GET"]}}],"collection":[{"href":"https:\/\/cer.uni.edu.pe\/index.php\/wp-json\/wp\/v2\/pages"}],"about":[{"href":"https:\/\/cer.uni.edu.pe\/index.php\/wp-json\/wp\/v2\/types\/page"}],"author":[{"embeddable":true,"href":"https:\/\/cer.uni.edu.pe\/index.php\/wp-json\/wp\/v2\/users\/1"}],"replies":[{"embeddable":true,"href":"https:\/\/cer.uni.edu.pe\/index.php\/wp-json\/wp\/v2\/comments?post=33"}],"version-history":[{"count":6,"href":"https:\/\/cer.uni.edu.pe\/index.php\/wp-json\/wp\/v2\/pages\/33\/revisions"}],"predecessor-version":[{"id":771,"href":"https:\/\/cer.uni.edu.pe\/index.php\/wp-json\/wp\/v2\/pages\/33\/revisions\/771"}],"wp:featuredmedia":[{"embeddable":true,"href":"https:\/\/cer.uni.edu.pe\/index.php\/wp-json\/wp\/v2\/media\/8"}],"wp:attachment":[{"href":"https:\/\/cer.uni.edu.pe\/index.php\/wp-json\/wp\/v2\/media?parent=33"}],"curies":[{"name":"wp","href":"https:\/\/api.w.org\/{rel}","templated":true}]}}