{"id":309,"date":"2017-01-30T19:33:20","date_gmt":"2017-01-30T19:33:20","guid":{"rendered":"http:\/\/demo.ilovewp.com\/faith\/?page_id=8"},"modified":"2023-01-29T09:46:04","modified_gmt":"2023-01-29T14:46:04","slug":"nosotros","status":"publish","type":"page","link":"https:\/\/cer.uni.edu.pe\/index.php\/nosotros\/","title":{"rendered":"Nosotros"},"content":{"rendered":"\n<div class=\"wp-block-group ilovewp-pattern ilovewp-pattern__content-columns ilovewp-pattern__content-columns--3\"><div class=\"wp-block-group__inner-container is-layout-flow wp-block-group-is-layout-flow\">\n<div class=\"wp-block-columns is-layout-flex wp-container-core-columns-is-layout-9d6595d7 wp-block-columns-is-layout-flex\">\n<div class=\"wp-block-column is-layout-flow wp-block-column-is-layout-flow\" style=\"flex-basis:25%\">\n<ul class=\"wp-block-list\">\n<li><a href=\"https:\/\/cer.uni.edu.pe\/index.php\/nosotros\/historia\/\">HISTORIA<\/a><\/li>\n\n\n\n<li><strong><a href=\"https:\/\/demo.ilovewp.com\/foundation-church\/category\/sermons\/\">SERMONS<\/a><\/strong><\/li>\n\n\n\n<li><strong><a href=\"https:\/\/demo.ilovewp.com\/foundation-church\/services\/\">SERVICES<\/a><\/strong><\/li>\n\n\n\n<li><strong><a href=\"https:\/\/demo.ilovewp.com\/foundation-church\/ministries\/\">MINISTRIES<\/a><\/strong><\/li>\n\n\n\n<li><strong><a href=\"https:\/\/demo.ilovewp.com\/foundation-church\/blog\/\">BLOG &amp; NEWS<\/a><\/strong><\/li>\n<\/ul>\n<\/div>\n\n\n\n<div class=\"wp-block-column is-layout-flow wp-block-column-is-layout-flow\" style=\"flex-basis:50%\">\n<p class=\"has-larger-font-size\">El Centro de Energ\u00edas Renovables (CER-UNI) es un centro especializado de la Universidad Nacional de Ingenier\u00eda en investigaci\u00f3n aplicada, desarrollo tecnol\u00f3gico y transferencia tecnol\u00f3gica de las energ\u00edas renovables. Es reconocido como pionero y continuo promotor de proyectos de energ\u00edas renovables en el Per\u00fa.\u00a0<\/p>\n<\/div>\n\n\n\n<div class=\"wp-block-column is-layout-flow wp-block-column-is-layout-flow\" style=\"flex-basis:25%\">\n<figure class=\"wp-block-image size-full\"><img loading=\"lazy\" decoding=\"async\" width=\"777\" height=\"777\" src=\"https:\/\/cer.uni.edu.pe\/wp-content\/uploads\/2023\/01\/solar.png\" alt=\"\" class=\"wp-image-585\" srcset=\"https:\/\/cer.uni.edu.pe\/wp-content\/uploads\/2023\/01\/solar.png 777w, https:\/\/cer.uni.edu.pe\/wp-content\/uploads\/2023\/01\/solar-300x300.png 300w, https:\/\/cer.uni.edu.pe\/wp-content\/uploads\/2023\/01\/solar-150x150.png 150w, https:\/\/cer.uni.edu.pe\/wp-content\/uploads\/2023\/01\/solar-768x768.png 768w, https:\/\/cer.uni.edu.pe\/wp-content\/uploads\/2023\/01\/solar-600x600.png 600w\" sizes=\"auto, (max-width: 777px) 100vw, 777px\" \/><\/figure>\n<\/div>\n<\/div>\n<\/div><\/div>\n\n\n\n<blockquote class=\"wp-block-quote is-layout-flow wp-block-quote-is-layout-flow\">\n<p>El objetivo fundamental del CER-UNI es promover el uso de las energ\u00edas renovables a trav\u00e9s del desarrollo de tecnolog\u00edas apropiadas al escenario en el que se ubique la eventual problem\u00e1tica a tratar. El desarrollo de estas tecnolog\u00edas implica realizar tareas b\u00e1sicas de Investigaci\u00f3n, Desarrollo e innovaci\u00f3n (I+D+i), promoci\u00f3n, capacitaci\u00f3n, divulgaci\u00f3n y transferencia tecnol\u00f3gica.\u00a0El CER-UNI proyecta sus actividades a nivel nacional, con preferencia del sector rural, buscando los puentes que le permitan el acercamiento respectivo. Estos puentes son organizaciones o entidades, p\u00fablicas y privadas, que por la naturaleza de sus funciones tienen v\u00edas de contacto y acci\u00f3n con comunidades y poblaciones alejadas.<\/p>\n\n\n\n<p>Los Gobiernos Regionales, locales y municipales son la primera instancia estructural nacional para aquel acercamiento. Los Ministerios de Energ\u00eda y Minas, de la Mujer y Desarrollo Social, del Ambiente, Educaci\u00f3n, Vivienda y Construcci\u00f3n y Agricultura, principalmente, tienen tambi\u00e9n esta calidad.<\/p>\n<\/blockquote>\n\n\n\n<p>Bajo este marco se ubican las entidades ejecutoras de las pol\u00edticas de desarrollo de cada sector y, por lo tanto, con la obligaci\u00f3n de llegar con soluciones apropiadas, viables y sostenibles en esos sectores.&nbsp;Nuestro Centro tiene experiencia en el proceso de&nbsp;<strong>desarrollo tecnol\u00f3gico para el sector rural<\/strong>, capacidad para generar el tipo de soluciones mencionadas y gestionar su transferencia al medio de inter\u00e9s.<\/p>\n\n\n\n<p><strong>MISI\u00d3N<\/strong><\/p>\n\n\n\n<blockquote class=\"wp-block-quote is-layout-flow wp-block-quote-is-layout-flow\">\n<p>\u201cPromover el uso de las energ\u00edas renovables y sus tecnolog\u00edas a trav\u00e9s de la investigaci\u00f3n, desarrollo y transferencia tecnol\u00f3gica.\u201d<\/p>\n<\/blockquote>\n\n\n\n<p><strong>VISI\u00d3N<\/strong><\/p>\n\n\n\n<blockquote class=\"wp-block-quote is-layout-flow wp-block-quote-is-layout-flow\">\n<p>\u201cSer la instituci\u00f3n nacional rectora en desarrollo, innovaci\u00f3n y transferencia de ciencia y tecnolog\u00eda en el campo de la energ\u00edas renovables, uso eficiente de la energ\u00eda y ramas afines, comprometida con el desarrollo del pa\u00eds.\u201d<\/p>\n<\/blockquote>\n\n\n\n<div style=\"height:10px\" aria-hidden=\"true\" class=\"wp-block-spacer\"><\/div>\n","protected":false},"excerpt":{"rendered":"<p>El objetivo fundamental del CER-UNI es promover el uso de las energ\u00edas renovables a trav\u00e9s del desarrollo de tecnolog\u00edas apropiadas al escenario en el que&hellip;<\/p>\n","protected":false},"author":1,"featured_media":8,"parent":0,"menu_order":0,"comment_status":"closed","ping_status":"closed","template":"","meta":{"footnotes":""},"class_list":["post-309","page","type-page","status-publish","has-post-thumbnail","hentry"],"_links":{"self":[{"href":"https:\/\/cer.uni.edu.pe\/index.php\/wp-json\/wp\/v2\/pages\/309","targetHints":{"allow":["GET"]}}],"collection":[{"href":"https:\/\/cer.uni.edu.pe\/index.php\/wp-json\/wp\/v2\/pages"}],"about":[{"href":"https:\/\/cer.uni.edu.pe\/index.php\/wp-json\/wp\/v2\/types\/page"}],"author":[{"embeddable":true,"href":"https:\/\/cer.uni.edu.pe\/index.php\/wp-json\/wp\/v2\/users\/1"}],"replies":[{"embeddable":true,"href":"https:\/\/cer.uni.edu.pe\/index.php\/wp-json\/wp\/v2\/comments?post=309"}],"version-history":[{"count":4,"href":"https:\/\/cer.uni.edu.pe\/index.php\/wp-json\/wp\/v2\/pages\/309\/revisions"}],"predecessor-version":[{"id":625,"href":"https:\/\/cer.uni.edu.pe\/index.php\/wp-json\/wp\/v2\/pages\/309\/revisions\/625"}],"wp:featuredmedia":[{"embeddable":true,"href":"https:\/\/cer.uni.edu.pe\/index.php\/wp-json\/wp\/v2\/media\/8"}],"wp:attachment":[{"href":"https:\/\/cer.uni.edu.pe\/index.php\/wp-json\/wp\/v2\/media?parent=309"}],"curies":[{"name":"wp","href":"https:\/\/api.w.org\/{rel}","templated":true}]}}