{"id":20,"date":"2017-01-30T19:36:15","date_gmt":"2017-01-30T19:36:15","guid":{"rendered":"http:\/\/demo.ilovewp.com\/faith\/?page_id=20"},"modified":"2017-01-30T19:36:15","modified_gmt":"2017-01-30T19:36:15","slug":"team","status":"publish","type":"page","link":"https:\/\/cer.uni.edu.pe\/index.php\/nosotros\/team\/","title":{"rendered":"Team"},"content":{"rendered":"\n<p class=\"has-large-font-size\">If you want to read, I might suggest a good book, perhaps <a title=\"Hemingway\" href=\"http:\/\/en.wikipedia.org\/wiki\/Ernest_Hemingway\">Hemingway<\/a> or <a title=\"Melville\" href=\"http:\/\/en.wikipedia.org\/wiki\/Herman_Melville\">Melville<\/a>. That\u2019s why they call it, the dummy copy. This, of course, is not the real copy for this entry. Rest assured, the words will expand the concept. With clarity. Conviction. And a little wit.<\/p>\n\n\n\n<p>All your supporting arguments must be communicated with simplicity and charm. And in such a way that the reader will read on. (After all, that\u2019s a reader\u2019s job: to read, isn\u2019t it?) And by the time your readers have reached this point in the finished copy, you will have convinced them that you not only respect their intelligence, but you also <strong>understand their needs as consumers<\/strong>.<\/p>\n\n\n\n<p>As a result of which, your entry will repay your <a title=\"writing\" href=\"http:\/\/en.wikipedia.org\/wiki\/Writing\">efforts<\/a>. Take your sales; simply put, they will rise. Likewise your credibility. There\u2019s every chance your competitors will wish they\u2019d placed this entry, not you. While your customers will have probably forgotten that your competitors even exist. Which brings us, by a somewhat circuitous route, to another small point, but one which we feel should be raised.<\/p>\n\n\n\n<div style=\"height:10px\" aria-hidden=\"true\" class=\"wp-block-spacer\"><\/div>\n\n\n\n<div class=\"wp-block-group alignwide ilovewp-pattern ilovewp-pattern__link-blocks ilovewp-pattern__link-blocks--3 has-footer-background-background-color has-background\"><div class=\"wp-block-group__inner-container is-layout-flow wp-block-group-is-layout-flow\">\n<h2 class=\"wp-block-heading\"><strong>Find out more about our church&#8230;<\/strong><\/h2>\n\n\n\n<ul class=\"wp-block-list\"><li><strong><a href=\"https:\/\/demo.ilovewp.com\/foundation-church\/about-us\/\">About the Church<\/a><\/strong><\/li><li><strong><a href=\"https:\/\/demo.ilovewp.com\/foundation-church\/about-us\/history\/\">Church History<\/a><\/strong><\/li><li><strong><a href=\"https:\/\/demo.ilovewp.com\/foundation-church\/about-us\/mission-vision\/\">Mission &amp; Vision<\/a><\/strong><\/li><li><strong><a href=\"https:\/\/demo.ilovewp.com\/foundation-church\/about-us\/team\/\">The Team<\/a><\/strong><\/li><li><strong><a href=\"https:\/\/demo.ilovewp.com\/foundation-church\/volunteers\/\">Church Volunteers<\/a><\/strong><\/li><li><strong><a href=\"https:\/\/demo.ilovewp.com\/foundation-church\/about-us\/what-we-believe\/\">What we Believe<\/a><\/strong><\/li><\/ul>\n<\/div><\/div>\n\n\n\n<div class=\"wp-block-group ilovewp-pattern ilovewp-pattern__posts ilovewp-pattern__posts--1\"><div class=\"wp-block-group__inner-container is-layout-flow wp-block-group-is-layout-flow\">\n<div class=\"wp-block-columns is-layout-flex wp-container-core-columns-is-layout-9d6595d7 wp-block-columns-is-layout-flex\">\n<div class=\"wp-block-column is-layout-flow wp-block-column-is-layout-flow\" style=\"flex-basis:66.66%\">\n<h2 class=\"wp-block-heading\"><strong>Church News &amp; Announcements<\/strong><\/h2>\n<\/div>\n\n\n\n<div class=\"wp-block-column is-vertically-aligned-center is-layout-flow wp-block-column-is-layout-flow\" style=\"flex-basis:33.33%\">\n<div class=\"wp-block-buttons is-content-justification-right is-layout-flex wp-container-core-buttons-is-layout-765c4724 wp-block-buttons-is-layout-flex\">\n<div class=\"wp-block-button is-style-fill\"><a class=\"wp-block-button__link has-primary-accent-complementary-color has-primary-text-background-color has-text-color has-background\" href=\"https:\/\/demo.ilovewp.com\/foundation-church\/blog\/\" style=\"border-radius:0px\">View All News<\/a><\/div>\n<\/div>\n<\/div>\n<\/div>\n\n\n\n<hr class=\"wp-block-separator is-style-wide\"\/>\n\n\n\n<div class=\"wp-block-query is-layout-flow wp-block-query-is-layout-flow\"><ul class=\"is-flex-container columns-4 wp-block-post-template is-layout-flow wp-block-post-template-is-layout-flow\"><li class=\"wp-block-post post-777 post type-post status-publish format-standard has-post-thumbnail hentry category-oficial\">\n<div class=\"wp-block-post-date has-text-color has-link-hover-color has-small-font-size\"><time datetime=\"2024-09-02T15:33:09-05:00\">2 septiembre, 2024<\/time><\/div>\n\n<h3 style=\"font-style:normal;font-weight:600;\" class=\"wp-block-post-title has-large-font-size\"><a href=\"https:\/\/cer.uni.edu.pe\/index.php\/2024\/09\/02\/programa-de-especializacion-en-sistemas-fotovoltaicos\/\" target=\"_self\" >Programa de Especializaci\u00f3n en Sistemas Fotovoltaicos<\/a><\/h3>\n\n<div class=\"wp-block-post-excerpt\"><p class=\"wp-block-post-excerpt__excerpt\">El aprovechamiento del potencial solar mediante la energ\u00eda fotovoltaica se ha vuelto una prioridad urgente, no solo como una alternativa limpia para abordar la falta&hellip; <\/p><\/div>\n<\/li><li class=\"wp-block-post post-720 post type-post status-publish format-standard has-post-thumbnail hentry category-oficial\">\n<div class=\"wp-block-post-date has-text-color has-link-hover-color has-small-font-size\"><time datetime=\"2023-02-01T12:42:55-05:00\">1 febrero, 2023<\/time><\/div>\n\n<h3 style=\"font-style:normal;font-weight:600;\" class=\"wp-block-post-title has-large-font-size\"><a href=\"https:\/\/cer.uni.edu.pe\/index.php\/2023\/02\/01\/curso-virtual-dimensionamiento-y-costos-de-sistemas-fotovoltaicos-off-grid-on-grid-2\/\" target=\"_self\" ><strong>CURSO\u00a0VIRTUAL:\u00a0\u00abDimensionamiento y costos de sistemas fotovoltaicos OFF GRID, ON GRID\u00bb<\/strong>\u00a0\u00a0<\/a><\/h3>\n\n<div class=\"wp-block-post-excerpt\"><p class=\"wp-block-post-excerpt__excerpt\">Atenci\u00f3n comunidad UNI, el Centro de Energ\u00edas Renovables de la UNI, en esta ocasi\u00f3n ofrece un\u00a020% de descuento a alumnos de la UNI.\u00a0 En este&hellip; <\/p><\/div>\n<\/li><li class=\"wp-block-post post-700 post type-post status-publish format-standard has-post-thumbnail hentry category-oficial\">\n<div class=\"wp-block-post-date has-text-color has-link-hover-color has-small-font-size\"><time datetime=\"2023-01-30T16:14:40-05:00\">30 enero, 2023<\/time><\/div>\n\n<h3 style=\"font-style:normal;font-weight:600;\" class=\"wp-block-post-title has-large-font-size\"><a href=\"https:\/\/cer.uni.edu.pe\/index.php\/2023\/01\/30\/curso-virtual-dimensionamiento-y-costos-de-sistemas-fotovoltaicos-off-grid-on-grid\/\" target=\"_self\" >CURSO VIRTUAL: \u00abDimensionamiento y costos de sistemas fotovoltaicos OFF GRID, ON GRID\u00bb<\/a><\/h3>\n\n<div class=\"wp-block-post-excerpt\"><p class=\"wp-block-post-excerpt__excerpt\">Aprende sobre instalaciones fotovoltaicas y uso de Software especializados para el desarrollo de proyectos con paneles solares. <\/p><\/div>\n<\/li><li class=\"wp-block-post post-648 post type-post status-publish format-standard has-post-thumbnail hentry category-oficial\">\n<div class=\"wp-block-post-date has-text-color has-link-hover-color has-small-font-size\"><time datetime=\"2023-01-29T11:07:32-05:00\">29 enero, 2023<\/time><\/div>\n\n<h3 style=\"font-style:normal;font-weight:600;\" class=\"wp-block-post-title has-large-font-size\"><a href=\"https:\/\/cer.uni.edu.pe\/index.php\/2023\/01\/29\/proyecto-taquile-alumbrar-las-noches-con-energia-solar\/\" target=\"_self\" >Proyecto Taquile: Alumbrar las Noches con Energ\u00eda Solar<\/a><\/h3>\n\n<div class=\"wp-block-post-excerpt\"><p class=\"wp-block-post-excerpt__excerpt\">Durante los a\u00f1os 90s, nuestro centro realiz\u00f3 un proyecto piloto de electrificaci\u00f3n fotovoltaica rural para demostrar en el terreno la factibilidad t\u00e9cnica, econ\u00f3mica y social de esta tecnolog\u00eda en la islas Taquile, Puno. <\/p><\/div>\n<\/li><\/ul>\n\n<\/div>\n<\/div><\/div>\n","protected":false},"excerpt":{"rendered":"<p>If you want to read, I might suggest a good book, perhaps Hemingway or Melville. That\u2019s why they call it, the dummy copy. This, of&hellip;<\/p>\n","protected":false},"author":1,"featured_media":0,"parent":309,"menu_order":3,"comment_status":"closed","ping_status":"closed","template":"","meta":{"footnotes":""},"class_list":["post-20","page","type-page","status-publish","hentry"],"_links":{"self":[{"href":"https:\/\/cer.uni.edu.pe\/index.php\/wp-json\/wp\/v2\/pages\/20","targetHints":{"allow":["GET"]}}],"collection":[{"href":"https:\/\/cer.uni.edu.pe\/index.php\/wp-json\/wp\/v2\/pages"}],"about":[{"href":"https:\/\/cer.uni.edu.pe\/index.php\/wp-json\/wp\/v2\/types\/page"}],"author":[{"embeddable":true,"href":"https:\/\/cer.uni.edu.pe\/index.php\/wp-json\/wp\/v2\/users\/1"}],"replies":[{"embeddable":true,"href":"https:\/\/cer.uni.edu.pe\/index.php\/wp-json\/wp\/v2\/comments?post=20"}],"version-history":[{"count":0,"href":"https:\/\/cer.uni.edu.pe\/index.php\/wp-json\/wp\/v2\/pages\/20\/revisions"}],"up":[{"embeddable":true,"href":"https:\/\/cer.uni.edu.pe\/index.php\/wp-json\/wp\/v2\/pages\/309"}],"wp:attachment":[{"href":"https:\/\/cer.uni.edu.pe\/index.php\/wp-json\/wp\/v2\/media?parent=20"}],"curies":[{"name":"wp","href":"https:\/\/api.w.org\/{rel}","templated":true}]}}