{"id":2,"date":"2023-01-27T12:04:36","date_gmt":"2023-01-27T17:04:36","guid":{"rendered":"https:\/\/cer.uni.edu.pe\/?page_id=2"},"modified":"2023-11-23T16:38:27","modified_gmt":"2023-11-23T21:38:27","slug":"pagina-de-ejemplo","status":"publish","type":"page","link":"https:\/\/cer.uni.edu.pe\/index.php\/services\/pagina-de-ejemplo\/","title":{"rendered":"Capacitaciones"},"content":{"rendered":"\n<p>El CER-UNI ofrece diversas capacitaciones t\u00e9cnicas en energ\u00edas renovables para p\u00fablico en general y empresas adeacuadas a las necesidades y requerimientos del mercado. Las capacitaciones pueden ser ofrecidas en la universidad o en la instituci\u00f3n que la requiere.<\/p>\n\n\n\n<p>En la actualidad es m\u00e1s urgente el uso del potencial solar a trav\u00e9s de la energ\u00eda solar fotovoltaica como una alternativa limpia para resolver el problema de la falta de electrificaci\u00f3n rural y como una fuente de energ\u00eda el\u00e9ctrica moderna y sustentable para sistemas aislados dom\u00e9sticos, industriales y comerciales.<\/p>\n\n\n\n<p>A trav\u00e9s de las capacitaciones que ofrecemos, los participantes pueden mejorar su formaci\u00f3n, actualizarse y\/o perfeccionar sus capacidades en:<\/p>\n\n\n\n<ul class=\"wp-block-list\">\n<li>Evaluaci\u00f3n del recurso solar disponible para aplicaciones solares<\/li>\n\n\n\n<li>Dimensionamiento e implementaci\u00f3n de sistemas solares fotovoltaicos aislados y conectados a la red<\/li>\n\n\n\n<li>Conocer las condiciones y requerimientos para el montaje y mantenimiento de instalaciones solares fotovoltaicas<\/li>\n<\/ul>\n\n\n\n<div class=\"wp-block-group alignwide ilovewp-pattern ilovewp-pattern__link-blocks ilovewp-pattern__link-blocks--3 has-footer-background-background-color has-background\"><div class=\"wp-block-group__inner-container is-layout-flow wp-block-group-is-layout-flow\">\n<h2 class=\"wp-block-heading\"><strong>Conoce m\u00e1s sobre nuestros cursos<\/strong><\/h2>\n\n\n\n<ul class=\"wp-block-list\">\n<li><a href=\"#\">Curso T\u00e9cnico de la Ingenier\u00eda Fotovoltaica<\/a><\/li>\n\n\n\n<li><a href=\"#\">Sistemas energ\u00e9ticos con fuentes renovables<\/a><\/li>\n\n\n\n<li><a href=\"#\">Lorem ipsum<\/a><\/li>\n\n\n\n<li><a href=\"#\">Lorem ipsum<\/a><\/li>\n\n\n\n<li><a href=\"#\">Lorem ipsum<\/a><\/li>\n\n\n\n<li><a href=\"#\">Lorem ipsum<\/a><\/li>\n<\/ul>\n<\/div><\/div>\n\n\n\n<p><\/p>\n","protected":false},"excerpt":{"rendered":"<p>El CER-UNI ofrece diversas capacitaciones t\u00e9cnicas en energ\u00edas renovables para p\u00fablico en general y empresas adeacuadas a las necesidades y requerimientos del mercado. Las capacitaciones&hellip;<\/p>\n","protected":false},"author":1,"featured_media":8,"parent":508,"menu_order":0,"comment_status":"closed","ping_status":"open","template":"","meta":{"footnotes":""},"class_list":["post-2","page","type-page","status-publish","has-post-thumbnail","hentry"],"_links":{"self":[{"href":"https:\/\/cer.uni.edu.pe\/index.php\/wp-json\/wp\/v2\/pages\/2","targetHints":{"allow":["GET"]}}],"collection":[{"href":"https:\/\/cer.uni.edu.pe\/index.php\/wp-json\/wp\/v2\/pages"}],"about":[{"href":"https:\/\/cer.uni.edu.pe\/index.php\/wp-json\/wp\/v2\/types\/page"}],"author":[{"embeddable":true,"href":"https:\/\/cer.uni.edu.pe\/index.php\/wp-json\/wp\/v2\/users\/1"}],"replies":[{"embeddable":true,"href":"https:\/\/cer.uni.edu.pe\/index.php\/wp-json\/wp\/v2\/comments?post=2"}],"version-history":[{"count":3,"href":"https:\/\/cer.uni.edu.pe\/index.php\/wp-json\/wp\/v2\/pages\/2\/revisions"}],"predecessor-version":[{"id":783,"href":"https:\/\/cer.uni.edu.pe\/index.php\/wp-json\/wp\/v2\/pages\/2\/revisions\/783"}],"up":[{"embeddable":true,"href":"https:\/\/cer.uni.edu.pe\/index.php\/wp-json\/wp\/v2\/pages\/508"}],"wp:featuredmedia":[{"embeddable":true,"href":"https:\/\/cer.uni.edu.pe\/index.php\/wp-json\/wp\/v2\/media\/8"}],"wp:attachment":[{"href":"https:\/\/cer.uni.edu.pe\/index.php\/wp-json\/wp\/v2\/media?parent=2"}],"curies":[{"name":"wp","href":"https:\/\/api.w.org\/{rel}","templated":true}]}}