{"id":19,"date":"2017-01-30T19:35:53","date_gmt":"2017-01-30T19:35:53","guid":{"rendered":"http:\/\/demo.ilovewp.com\/faith\/?page_id=19"},"modified":"2023-01-29T09:39:19","modified_gmt":"2023-01-29T14:39:19","slug":"historia","status":"publish","type":"page","link":"https:\/\/cer.uni.edu.pe\/index.php\/nosotros\/historia\/","title":{"rendered":"Historia"},"content":{"rendered":"\n<p>La UNIVERSIDAD NACIONAL DE INGENIER\u00cdA inicio sus actividades en el campo de la energ\u00eda solar en los primeros a\u00f1os de la d\u00e9cada de los 60\u00b4s, bajo el marco de funcionamiento del antiguo Instituto de la Energ\u00eda de la antigua Facultad de Ingenier\u00eda Mec\u00e1nica y El\u00e9ctrica. Esta actividad se trunc\u00f3 en 1969 cuando se promulgo una ley Universitaria que gener\u00f3 la anulaci\u00f3n de estas actividades.<\/p>\n\n\n\n<p>Posteriormente, la UNI reinicia actividades de investigaci\u00f3n y desarrollo en sus antiguos Departamentos Acad\u00e9micos de F\u00edsica y de Energ\u00eda Mec\u00e1nica. En cada uno de ellos se form\u00f3 un grupo de investigaci\u00f3n.<\/p>\n\n\n\n<p><strong>La creaci\u00f3n<\/strong><\/p>\n\n\n\n<ul class=\"wp-block-list\">\n<li>En el Dpto. de F\u00edsica se inicia las actividades en el a\u00f1o 1975 bajo la direcci\u00f3n del Dr. Manfred Horn, mientras que el Dpto. de Energ\u00eda y Mec\u00e1nica lo hace en 1979 bajo la direcci\u00f3n del Ing. Rafael Espinoza.<\/li>\n\n\n\n<li>Desde esos a\u00f1os y hasta 1989 (origen del CER) cada grupo hizo la experiencia fundamental y tecnol\u00f3gica en las l\u00edneas de calentamiento solar de agua y aire; f\u00edsica de superficie y superficies selectivas.<\/li>\n\n\n\n<li>Entre los a\u00f1os 1983 y 1990 desarrollaron en conjunto el proyecto \u201cDesarrollo de secadores solar para productos agr\u00edcolas y alimenticios\u201d en el que tambi\u00e9n participaron otras Universidades del Per\u00fa: de Ancash, de Cusco, de Tacna y de Huancayo.<\/li>\n\n\n\n<li>El Centro de Energ\u00edas Renovables y Uso Racional de Energ\u00eda de la Universidad Nacional de Ingenier\u00eda, CER-UNI, fue un \u00f3rgano desconcentrado dependiente del rectorado de la UNI desde el 27 de abril del 2000 hasta promediar el a\u00f1o 2008, desde entonces y hasta la fecha es un \u00d3RGANO DE APOYO INVESTIGATIVO. En 1989 se cre\u00f3 como Programa de Investigaci\u00f3n Multidisciplinaria adscrito al Instituto General de Investigaci\u00f3n de la UNI, en el campo de las energ\u00edas renovables y uso racional de energ\u00eda.<\/li>\n\n\n\n<li>1996: Se electrifica la primera comunidad rural del Per\u00fa, 100 viviendas de la isla Taquile del lago Titicaca cuentan con un sistema fotovoltaico (SFD) para alumbrado, radio y TV.<\/li>\n<\/ul>\n\n\n\n<p>A\u00f1os 2000 &#8211; 2010<\/p>\n\n\n\n<ul class=\"wp-block-list\">\n<li>2000: Se concluye la electrificaci\u00f3n de 421 viviendas rurales con un SFD 1 en cada una, 224 en la isla Taquile, 52 en la isla Amantan\u00ed, 109 en las islas Uros, 13 en la isla Soto, 5 en la isla Suasi y 18 en la comunidad ribere\u00f1a Huancho Lima.<\/li>\n\n\n\n<li>2001: Es elegido en el Per\u00fa como la instancia acad\u00e9mica universitaria con el respaldo de la FC para administrar un Laboratorio de verificaci\u00f3n de la calidad de los componentes de SFD para electrificaci\u00f3n rural en el Per\u00fa y prestar el servicio profesional correspondiente.<\/li>\n\n\n\n<li>2004: Es convocado por Paraguay para conformar un proyecto multinacional con Argentina, Uruguay y Chile para introducir tecnolog\u00edas de energ\u00edas renovables en el \u00e1mbito rural, para usos productivos. Financiamiento de la OEA, aproximadamente US$ 100 000,00 para Per\u00fa.<\/li>\n\n\n\n<li>2007: Es ganador en la primera convocatoria FINCyT de fondos concursables para proyectos de investigaci\u00f3n aplicada con el proyecto \u201cPropuesta t\u00e9cnica de confort t\u00e9rmico para viviendas de comunidades ubicadas entre 3 000 y 5 000 msnm en el Per\u00fa\u201d; USD 130 000,00 aproximadamente.<\/li>\n\n\n\n<li>2008: Se concluye la energizaci\u00f3n de dos comunidades aisladas y pobres con tecnolog\u00edas de energ\u00edas renovables para usos productivos con el proyecto multinacional iniciado en 204. Las comunidades fueron San Francisco de Raymina y San Jos\u00e9 de T\u00eda de la provincia Vilcashuaman, regi\u00f3n Ayacucho.<\/li>\n\n\n\n<li>2009: Se concluye el proyecto de confort t\u00e9rmico con fondos del FINCyT alcanzando los resultados programados: dos viviendas existentes mejoradas y dos viviendas nuevas con caracter\u00edsticas bioclim\u00e1ticas, m\u00e1s los paquetes tecnol\u00f3gicos correspondientes.<\/li>\n\n\n\n<li>2007-2009: Presentaci\u00f3n de resultados en Congresos internacionales de Argentina (ASADES) y M\u00e9xico (ANES)<\/li>\n\n\n\n<li>2010: Es ganador en la convocatoria internacional de fondos concursables IDEA convocada por el BID para el desarrollo de proyectos de usos productivo de las energ\u00edas renovables. Se obtiene un fondo de US$ 200 000,00 para desarrollar un proyecto en San francisco de Raymina, Ayacucho.<\/li>\n\n\n\n<li>2010: Es convocado por el MINVIV\/VMCS\/DNC para el desarrollo de un estudio de confort t\u00e9rmico aplicado en dos comunidades alto andinas de Huancavelica, culmin\u00e1ndose satisfactoriamente a mediados del 2011.<\/li>\n<\/ul>\n\n\n\n<p><strong>A\u00f1os 2011 &#8211; 2016<\/strong><\/p>\n\n\n\n<ul class=\"wp-block-list\">\n<li>2011: Se concluye satisfactoriamente el proyecto IDEA aplicado en San francisco de Raymina con el que se transfiri\u00f3 tecnolog\u00edas de energ\u00edas renovables para aplicaciones productivas sustentables.<\/li>\n\n\n\n<li>2012: Se construye y se investiga el comportamiento de un M\u00f3dulo Experimental de Vivienda (MEV) en la comunidad de San Francisco de Raymina de Ayacucho en el Marco de desarrollo de una tesis de Maestr\u00eda FC\/UNI, el MEV queda como una unidad experimental de campo para<\/li>\n\n\n\n<li>futuras investigaciones.<\/li>\n\n\n\n<li>2013: Se gana una convocatoria (setiembre) CONCYTEC\/FONDECYT de fondos concursables para el desarrollo de un proyecto para el mejoramiento de la resistencia t\u00e9rmica de viviendas andinas contra las heladas y el trabajo productivo sustentable con energ\u00edas renovables, aplicable por 2 a\u00f1os en la comunidad de San Francisco de Raymina de Ayacucho. El monto concursable fue de S\/. 500 000,00.<\/li>\n\n\n\n<li>2014: Se reinicia las actividades de un Proyecto de Investigaci\u00f3n Consorciada (PIC) con<\/li>\n\n\n\n<li>financiamiento del CYTED y coordinaci\u00f3n del Instituto de Energ\u00eda solar de la Universidad Polit\u00e9cnica de Madrid y la participaci\u00f3n de otras 12 instituciones acad\u00e9micas, empresariales y no gubernamentales de pa\u00edses iberoamericanos. La tem\u00e1tica central gira en torno al uso de las energ\u00edas renovables para el suministro de energ\u00eda a albergues rurales de zonas protegidas. En el Per\u00fa se aplica en los Parque nacionales de Pacaya Samira, Manu y Huascar\u00e1n. El monto total ejecutable en el per\u00fa equivale a 100 000,00 euros aproximadamente.<\/li>\n\n\n\n<li>2014: Se inicia un proyecto de transferencia tecnol\u00f3gica e investigaci\u00f3n bajo el amparo de un Convenio Espec\u00edfico UNI-UJA (Universidad de Ja\u00e9n-Espa\u00f1a) para el desarrollo acad\u00e9mico y profesional local de la conexi\u00f3n a la red p\u00fablica de sistemas de generaci\u00f3n de energ\u00eda el\u00e9ctrica con tecnolog\u00eda fotovoltaica (SFCR), se aplica en la UNI (Lima) la UNSA (Arequipa) y la UNJBG (Tacna). Estos tres \u00faltimos proyectos culminar\u00e1n formalmente entre junio y diciembre del presente a\u00f1o.<\/li>\n\n\n\n<li>2015: Conformaci\u00f3n de un Laboratorio de campo para el estudio e investigaci\u00f3n del comportamiento de tecnolog\u00edas de energ\u00edas renovables bajo servicio real en las l\u00edneas del confort t\u00e9rmico, invernaderos solares, molienda de granos, secado de hierbas medicinales y arom\u00e1ticas, calentamiento de agua, transferencia tecnol\u00f3gica y negocios sustentables de productos aut\u00f3ctonos, en la comunidad de San Francisco de Raymina de Ayacucho.<\/li>\n\n\n\n<li>2016: Conformaci\u00f3n de un Laboratorio de Energ\u00edas Renovables en el Sector A0 de la UNI, conformado por el antiguo equipamiento de control de calidad de componentes FV de SFD; nuevo y actual equipamiento instrumental para el an\u00e1lisis y la investigaci\u00f3n de la tecnolog\u00eda FV de generaci\u00f3n de EE y su conexi\u00f3n a la red p\u00fablica, as\u00ed como para el monitoreo de la calidad de m\u00f3dulos FV; equipamiento para el estudio e investigaci\u00f3n del comportamiento de cocinas mejoradas de le\u00f1a y cocinas port\u00e1tiles de le\u00f1a.<\/li>\n<\/ul>\n","protected":false},"excerpt":{"rendered":"<p>La UNIVERSIDAD NACIONAL DE INGENIER\u00cdA inicio sus actividades en el campo de la energ\u00eda solar en los primeros a\u00f1os de la d\u00e9cada de los 60\u00b4s,&hellip;<\/p>\n","protected":false},"author":1,"featured_media":8,"parent":309,"menu_order":1,"comment_status":"closed","ping_status":"closed","template":"","meta":{"footnotes":""},"class_list":["post-19","page","type-page","status-publish","has-post-thumbnail","hentry"],"_links":{"self":[{"href":"https:\/\/cer.uni.edu.pe\/index.php\/wp-json\/wp\/v2\/pages\/19","targetHints":{"allow":["GET"]}}],"collection":[{"href":"https:\/\/cer.uni.edu.pe\/index.php\/wp-json\/wp\/v2\/pages"}],"about":[{"href":"https:\/\/cer.uni.edu.pe\/index.php\/wp-json\/wp\/v2\/types\/page"}],"author":[{"embeddable":true,"href":"https:\/\/cer.uni.edu.pe\/index.php\/wp-json\/wp\/v2\/users\/1"}],"replies":[{"embeddable":true,"href":"https:\/\/cer.uni.edu.pe\/index.php\/wp-json\/wp\/v2\/comments?post=19"}],"version-history":[{"count":3,"href":"https:\/\/cer.uni.edu.pe\/index.php\/wp-json\/wp\/v2\/pages\/19\/revisions"}],"predecessor-version":[{"id":613,"href":"https:\/\/cer.uni.edu.pe\/index.php\/wp-json\/wp\/v2\/pages\/19\/revisions\/613"}],"up":[{"embeddable":true,"href":"https:\/\/cer.uni.edu.pe\/index.php\/wp-json\/wp\/v2\/pages\/309"}],"wp:featuredmedia":[{"embeddable":true,"href":"https:\/\/cer.uni.edu.pe\/index.php\/wp-json\/wp\/v2\/media\/8"}],"wp:attachment":[{"href":"https:\/\/cer.uni.edu.pe\/index.php\/wp-json\/wp\/v2\/media?parent=19"}],"curies":[{"name":"wp","href":"https:\/\/api.w.org\/{rel}","templated":true}]}}